{"id":16,"date":"2023-10-16T15:21:55","date_gmt":"2023-10-16T13:21:55","guid":{"rendered":"https:\/\/lanbeli.fr\/?page_id=16"},"modified":"2025-12-23T11:57:54","modified_gmt":"2025-12-23T10:57:54","slug":"nos-projets","status":"publish","type":"page","link":"https:\/\/lanbeli.fr\/en\/nos-projets\/","title":{"rendered":"Project"},"content":{"rendered":"<p>[et_pb_section fb_built=\u00a0\u00bb1&Prime; _builder_version=\u00a0\u00bb4.23.1&Prime; _module_preset=\u00a0\u00bbdefault\u00a0\u00bb background_color=\u00a0\u00bb#161616&Prime; global_colors_info=\u00a0\u00bb{}\u00a0\u00bb custom_css_before__hover_enabled=\u00a0\u00bbon|desktop\u00a0\u00bb custom_css_before_last_edited=\u00a0\u00bbon|desktop\u00a0\u00bb][et_pb_row _builder_version=\u00a0\u00bb4.23.1&Prime; _module_preset=\u00a0\u00bbdefault\u00a0\u00bb width=\u00a0\u00bb70%\u00a0\u00bb width_tablet=\u00a0\u00bb90%\u00a0\u00bb width_phone=\u00a0\u00bb90%\u00a0\u00bb width_last_edited=\u00a0\u00bbon|phone\u00a0\u00bb max_width=\u00a0\u00bb100%\u00a0\u00bb custom_margin=\u00a0\u00bb0px||||false|false\u00a0\u00bb custom_padding=\u00a0\u00bb0px||0px||false|false\u00a0\u00bb global_colors_info=\u00a0\u00bb{}\u00a0\u00bb][et_pb_column type=\u00a0\u00bb4_4&Prime; admin_label=\u00a0\u00bbColonne\u00a0\u00bb _builder_version=\u00a0\u00bb4.23.1&Prime; _module_preset=\u00a0\u00bbdefault\u00a0\u00bb global_colors_info=\u00a0\u00bb{}\u00a0\u00bb][et_pb_text admin_label=\u00a0\u00bbTexte\u00a0\u00bb _builder_version=\u00a0\u00bb4.23.1&Prime; _module_preset=\u00a0\u00bbdefault\u00a0\u00bb header_text_align=\u00a0\u00bbcenter\u00a0\u00bb header_text_color=\u00a0\u00bb#FFFFFF\u00a0\u00bb min_height=\u00a0\u00bb43px\u00a0\u00bb custom_margin=\u00a0\u00bb0px||0px||false|false\u00a0\u00bb custom_padding=\u00a0\u00bb0px||0px||false|false\u00a0\u00bb global_colors_info=\u00a0\u00bb{}\u00a0\u00bb]<\/p>\n<h1>Nos projets<\/h1>\n<p>[\/et_pb_text][et_pb_text admin_label=\u00a0\u00bbTexte\u00a0\u00bb module_class=\u00a0\u00bbvp-tous-les-projets\u00a0\u00bb _builder_version=\u00a0\u00bb4.23.1&Prime; _module_preset=\u00a0\u00bbdefault\u00a0\u00bb text_text_color=\u00a0\u00bb#FFFFFF\u00a0\u00bb link_text_color=\u00a0\u00bb#FFFFFF\u00a0\u00bb header_2_text_color=\u00a0\u00bb#FFFFFF\u00a0\u00bb global_colors_info=\u00a0\u00bb{}\u00a0\u00bb]<\/p>\n\n<div class=\"vp-portfolio vp-uid-e57552d0 vp-id-88 \"\n\tdata-vp-layout=\"grid\" data-vp-content-source=\"post-based\" data-vp-items-style=\"default\" data-vp-items-click-action=\"url\" data-vp-items-gap=\"15\" data-vp-items-gap-vertical=\"30\" data-vp-pagination=\"infinite\" data-vp-next-page-url=\"\" data-vp-grid-columns=\"3\" data-vp-grid-images-aspect-ratio=\"16:9\" >\n\t<div class=\"vp-portfolio__preloader-wrap\">\n\t\t<div class=\"vp-portfolio__preloader\">\n\t\t\t<img decoding=\"async\" loading=\"eager\" src=\"https:\/\/lanbeli.fr\/wp-content\/plugins\/visual-portfolio\/assets\/images\/logo-dark.svg\" alt=\"Visual Portfolio, Posts &amp; Image Gallery for WordPress\" width=\"20\" height=\"20\" data-skip-lazy>\n\t\t<\/div>\n\t<\/div>\n\t\t<div class=\"vp-portfolio__layout-elements vp-portfolio__layout-elements-top vp-portfolio__layout-elements-align-center\">\n\t\t\t\t<div class=\"vp-portfolio__filter-wrap\">\n\t\t\n<div class=\"vp-filter vp-filter__style-minimal\">\n\t\t\t<div class=\"vp-filter__item vp-filter__item-active\">\n\t\t\t<a href=\"https:\/\/lanbeli.fr\/en\/wp-json\/wp\/v2\/pages\/16\" data-vp-filter=\"*\">\n\t\t\t\ttout afficher\n\t\t\t\t\t\t\t<\/a>\n\t\t<\/div>\n\t\t\t\t<div class=\"vp-filter__item\">\n\t\t\t<a href=\"https:\/\/lanbeli.fr\/en\/wp-json\/wp\/v2\/pages\/16?vp_filter=project_category%3Aen-developpement\" data-vp-filter=\"en-developpement\">\n\t\t\t\tEn d\u00e9veloppement\n\t\t\t\t\t\t\t<\/a>\n\t\t<\/div>\n\t\t\t\t<div class=\"vp-filter__item\">\n\t\t\t<a href=\"https:\/\/lanbeli.fr\/en\/wp-json\/wp\/v2\/pages\/16?vp_filter=project_category%3Aen_production\" data-vp-filter=\"en_production\">\n\t\t\t\tEn production\n\t\t\t\t\t\t\t<\/a>\n\t\t<\/div>\n\t\t<\/div>\n\t\t<\/div>\n\t\t\t\t<\/div>\n\t\t\t\t<div class=\"vp-portfolio__items-wrap\">\n\t\t\t\n<div class=\"vp-portfolio__items vp-portfolio__items-style-default vp-portfolio__items-show-overlay-hover\">\n\n\t\t<article\t\tclass=\"vp-portfolio__item-wrap post-772 project type-project status-publish has-post-thumbnail hentry project_category-en-developpement vp-portfolio__item-uid-1ec43ed7\" data-vp-filter=\"en-developpement\" \t\t>\n\t\t\t\t\t\t\t\t\t<figure class=\"vp-portfolio__item\">\n\t\t\t\t\n<div class=\"vp-portfolio__item-img-wrap\">\n\t<div class=\"vp-portfolio__item-img\">\n\t\t\t<a\n\t\thref=\"https:\/\/lanbeli.fr\/en\/project\/zarboutan\/\"\n\t\t\t>\n\t\n\t\t<noscript><img loading=\"lazy\" decoding=\"async\" width=\"1920\" height=\"1440\" data-skip-lazy src=\"https:\/\/lanbeli.fr\/wp-content\/uploads\/2025\/12\/Photo-couverture-dossier-heritaz-en-JPEG-1920x1440.jpg\" class=\"wp-image-782\" alt=\"\" srcset=\"https:\/\/lanbeli.fr\/wp-content\/uploads\/2025\/12\/Photo-couverture-dossier-heritaz-en-JPEG-1920x1440.jpg 1920w, https:\/\/lanbeli.fr\/wp-content\/uploads\/2025\/12\/Photo-couverture-dossier-heritaz-en-JPEG-1280x960.jpg 1280w, https:\/\/lanbeli.fr\/wp-content\/uploads\/2025\/12\/Photo-couverture-dossier-heritaz-en-JPEG-scaled-e1770186346983-980x551.jpg 980w, https:\/\/lanbeli.fr\/wp-content\/uploads\/2025\/12\/Photo-couverture-dossier-heritaz-en-JPEG-scaled-e1770186346983-480x270.jpg 480w\" sizes=\"auto, (min-width: 0px) and (max-width: 480px) 480px, (min-width: 481px) and (max-width: 980px) 980px, (min-width: 981px) and (max-width: 1280px) 1280px, (min-width: 1281px) 1920px, 100vw\" \/><\/noscript><img fetchpriority=\"high\" decoding=\"async\" width=\"1920\" height=\"1440\" src=\"https:\/\/lanbeli.fr\/wp-content\/uploads\/2025\/12\/Photo-couverture-dossier-heritaz-en-JPEG-1920x1440.jpg\" class=\"wp-image-782 vp-lazyload\" alt srcset=\"data:image\/svg+xml;base64,PHN2ZyB3aWR0aD0iMTkyMCIgaGVpZ2h0PSIxNDQwIiB2aWV3Qm94PSIwIDAgMTkyMCAxNDQwIiBmaWxsPSJub25lIiB4bWxucz0iaHR0cDovL3d3dy53My5vcmcvMjAwMC9zdmciPjwvc3ZnPg==\" data-src=\"https:\/\/lanbeli.fr\/wp-content\/uploads\/2025\/12\/Photo-couverture-dossier-heritaz-en-JPEG-1920x1440.jpg\" data-srcset=\"https:\/\/lanbeli.fr\/wp-content\/uploads\/2025\/12\/Photo-couverture-dossier-heritaz-en-JPEG-1920x1440.jpg 1920w, https:\/\/lanbeli.fr\/wp-content\/uploads\/2025\/12\/Photo-couverture-dossier-heritaz-en-JPEG-1280x960.jpg 1280w, https:\/\/lanbeli.fr\/wp-content\/uploads\/2025\/12\/Photo-couverture-dossier-heritaz-en-JPEG-scaled-e1770186346983-980x551.jpg 980w, https:\/\/lanbeli.fr\/wp-content\/uploads\/2025\/12\/Photo-couverture-dossier-heritaz-en-JPEG-scaled-e1770186346983-480x270.jpg 480w\" data-sizes=\"auto\" loading=\"eager\">\n\t\t<div class=\"vp-portfolio__item-overlay\">\n\t\t\t\t\t<\/div>\n\n\t\t<\/a>\t<\/div>\n<\/div>\n\n\t<figcaption class=\"vp-portfolio__item-caption vp-portfolio__item-caption-text-align-left\">\n\t\t<div class=\"vp-portfolio__item-meta\">\n\t\t\t\n<div class=\"vp-portfolio__item-meta-categories\">\n\t\t\t<div class=\"vp-portfolio__item-meta-category\">\n\t\t\t\t<a\n\t\thref=\"https:\/\/lanbeli.fr\/en\/wp-json\/wp\/v2\/pages\/16?vp_filter=project_category%3Aen-developpement\"\n\t\t\t>\n\tEn d\u00e9veloppement<\/a>\t\t<\/div>\n\t\t<\/div>\n\n<h2 class=\"vp-portfolio__item-meta-title\">\n\t\t<a\n\t\thref=\"https:\/\/lanbeli.fr\/en\/project\/zarboutan\/\"\n\t\t\t>\n\tZarboutan<\/a><\/h2>\n\t\t<\/div>\n\t<\/figcaption>\n\t\t\t<\/figure>\n\t\t\t\t\t<\/article>\n\t\t\n\t\t<article\t\tclass=\"vp-portfolio__item-wrap post-286 project type-project status-publish has-post-thumbnail hentry project_category-en-developpement vp-portfolio__item-uid-98fa24ea\" data-vp-filter=\"en-developpement\" \t\t>\n\t\t\t\t\t\t\t\t\t<figure class=\"vp-portfolio__item\">\n\t\t\t\t\n<div class=\"vp-portfolio__item-img-wrap\">\n\t<div class=\"vp-portfolio__item-img\">\n\t\t\t<a\n\t\thref=\"https:\/\/lanbeli.fr\/en\/project\/mabaraza\/\"\n\t\t\t>\n\t\n\t\t<noscript><img loading=\"lazy\" decoding=\"async\" width=\"1920\" height=\"1440\" data-skip-lazy src=\"https:\/\/lanbeli.fr\/wp-content\/uploads\/2024\/02\/IMG_1927-1920x1440.jpeg\" class=\"wp-image-599\" alt=\"\" srcset=\"https:\/\/lanbeli.fr\/wp-content\/uploads\/2024\/02\/IMG_1927-1920x1440.jpeg 1920w, https:\/\/lanbeli.fr\/wp-content\/uploads\/2024\/02\/IMG_1927-1280x960.jpeg 1280w, https:\/\/lanbeli.fr\/wp-content\/uploads\/2024\/02\/IMG_1927-980x735.jpeg 980w, https:\/\/lanbeli.fr\/wp-content\/uploads\/2024\/02\/IMG_1927-480x360.jpeg 480w\" sizes=\"auto, (min-width: 0px) and (max-width: 480px) 480px, (min-width: 481px) and (max-width: 980px) 980px, (min-width: 981px) and (max-width: 1280px) 1280px, (min-width: 1281px) 1920px, 100vw\" \/><\/noscript><img decoding=\"async\" width=\"1920\" height=\"1440\" src=\"https:\/\/lanbeli.fr\/wp-content\/uploads\/2024\/02\/IMG_1927-1920x1440.jpeg\" class=\"wp-image-599 vp-lazyload\" alt srcset=\"data:image\/svg+xml;base64,PHN2ZyB3aWR0aD0iMTkyMCIgaGVpZ2h0PSIxNDQwIiB2aWV3Qm94PSIwIDAgMTkyMCAxNDQwIiBmaWxsPSJub25lIiB4bWxucz0iaHR0cDovL3d3dy53My5vcmcvMjAwMC9zdmciPjwvc3ZnPg==\" data-src=\"https:\/\/lanbeli.fr\/wp-content\/uploads\/2024\/02\/IMG_1927-1920x1440.jpeg\" data-srcset=\"https:\/\/lanbeli.fr\/wp-content\/uploads\/2024\/02\/IMG_1927-1920x1440.jpeg 1920w, https:\/\/lanbeli.fr\/wp-content\/uploads\/2024\/02\/IMG_1927-1280x960.jpeg 1280w, https:\/\/lanbeli.fr\/wp-content\/uploads\/2024\/02\/IMG_1927-980x735.jpeg 980w, https:\/\/lanbeli.fr\/wp-content\/uploads\/2024\/02\/IMG_1927-480x360.jpeg 480w\" data-sizes=\"auto\" loading=\"eager\">\n\t\t<div class=\"vp-portfolio__item-overlay\">\n\t\t\t\t\t<\/div>\n\n\t\t<\/a>\t<\/div>\n<\/div>\n\n\t<figcaption class=\"vp-portfolio__item-caption vp-portfolio__item-caption-text-align-left\">\n\t\t<div class=\"vp-portfolio__item-meta\">\n\t\t\t\n<div class=\"vp-portfolio__item-meta-categories\">\n\t\t\t<div class=\"vp-portfolio__item-meta-category\">\n\t\t\t\t<a\n\t\thref=\"https:\/\/lanbeli.fr\/en\/wp-json\/wp\/v2\/pages\/16?vp_filter=project_category%3Aen-developpement\"\n\t\t\t>\n\tEn d\u00e9veloppement<\/a>\t\t<\/div>\n\t\t<\/div>\n\n<h2 class=\"vp-portfolio__item-meta-title\">\n\t\t<a\n\t\thref=\"https:\/\/lanbeli.fr\/en\/project\/mabaraza\/\"\n\t\t\t>\n\tMabaraza<\/a><\/h2>\n\t\t<\/div>\n\t<\/figcaption>\n\t\t\t<\/figure>\n\t\t\t\t\t<\/article>\n\t\t\n\t\t<article\t\tclass=\"vp-portfolio__item-wrap post-75 project type-project status-publish has-post-thumbnail hentry project_category-en_production vp-portfolio__item-uid-24a8aeaa\" data-vp-filter=\"en_production\" style=\"--vp-images__object-position: 70% 42%;\" \t\t>\n\t\t\t\t\t\t\t\t\t<figure class=\"vp-portfolio__item\">\n\t\t\t\t\n<div class=\"vp-portfolio__item-img-wrap\">\n\t<div class=\"vp-portfolio__item-img\">\n\t\t\t<a\n\t\thref=\"https:\/\/lanbeli.fr\/en\/project\/enkaze\/\"\n\t\t\t>\n\t\n\t\t<noscript><img loading=\"lazy\" decoding=\"async\" width=\"1024\" height=\"576\" data-skip-lazy src=\"https:\/\/lanbeli.fr\/wp-content\/uploads\/2023\/10\/EKZ_01-e1770191817274.jpeg\" class=\"wp-image-641\" alt=\"\" srcset=\"https:\/\/lanbeli.fr\/wp-content\/uploads\/2023\/10\/EKZ_01-e1770191817274-980x551.jpeg 980w, https:\/\/lanbeli.fr\/wp-content\/uploads\/2023\/10\/EKZ_01-e1770191817274-480x270.jpeg 480w\" sizes=\"auto, (min-width: 0px) and (max-width: 480px) 480px, (min-width: 481px) and (max-width: 980px) 980px, (min-width: 981px) 1024px, 100vw\" \/><\/noscript><img decoding=\"async\" width=\"1024\" height=\"576\" src=\"https:\/\/lanbeli.fr\/wp-content\/uploads\/2023\/10\/EKZ_01-e1770191817274.jpeg\" class=\"wp-image-641 vp-lazyload\" alt srcset=\"data:image\/svg+xml;base64,PHN2ZyB3aWR0aD0iMTAyNCIgaGVpZ2h0PSI1NzYiIHZpZXdCb3g9IjAgMCAxMDI0IDU3NiIgZmlsbD0ibm9uZSIgeG1sbnM9Imh0dHA6Ly93d3cudzMub3JnLzIwMDAvc3ZnIj48L3N2Zz4=\" data-src=\"https:\/\/lanbeli.fr\/wp-content\/uploads\/2023\/10\/EKZ_01-e1770191817274.jpeg\" data-srcset=\"https:\/\/lanbeli.fr\/wp-content\/uploads\/2023\/10\/EKZ_01-e1770191817274-980x551.jpeg 980w, https:\/\/lanbeli.fr\/wp-content\/uploads\/2023\/10\/EKZ_01-e1770191817274-480x270.jpeg 480w\" data-sizes=\"auto\" loading=\"eager\">\n\t\t<div class=\"vp-portfolio__item-overlay\">\n\t\t\t\t\t<\/div>\n\n\t\t<\/a>\t<\/div>\n<\/div>\n\n\t<figcaption class=\"vp-portfolio__item-caption vp-portfolio__item-caption-text-align-left\">\n\t\t<div class=\"vp-portfolio__item-meta\">\n\t\t\t\n<div class=\"vp-portfolio__item-meta-categories\">\n\t\t\t<div class=\"vp-portfolio__item-meta-category\">\n\t\t\t\t<a\n\t\thref=\"https:\/\/lanbeli.fr\/en\/wp-json\/wp\/v2\/pages\/16?vp_filter=project_category%3Aen_production\"\n\t\t\t>\n\tEn production<\/a>\t\t<\/div>\n\t\t<\/div>\n\n<h2 class=\"vp-portfolio__item-meta-title\">\n\t\t<a\n\t\thref=\"https:\/\/lanbeli.fr\/en\/project\/enkaze\/\"\n\t\t\t>\n\tEnkaz\u00e9<\/a><\/h2>\n\t\t<\/div>\n\t<\/figcaption>\n\t\t\t<\/figure>\n\t\t\t\t\t<\/article>\n\t\t\n<\/div>\n\t\t<\/div>\n\t\t\t\t<div class=\"vp-portfolio__layout-elements vp-portfolio__layout-elements-bottom vp-portfolio__layout-elements-align-center\">\n\t\t\t\t<div class=\"vp-portfolio__pagination-wrap\">\n\t\t\t\t<\/div>\n\t\t\t\t<\/div>\n\t\t\n<\/div>\n\n<p>[\/et_pb_text][\/et_pb_column][\/et_pb_row][\/et_pb_section]<\/p>\n","protected":false},"excerpt":{"rendered":"<p>Enkaz\u00e9Fiction, court m\u00e9trageDur\u00e9e pr\u00e9visionnelle20 minProductionLanb\u00e9liR\u00e9alisatriceMa\u00ebva THURELSc\u00e9narioMa\u00ebva THURELProductrice d\u00e9l\u00e9gu\u00e9eDieynaba SYR\u00e9sum\u00e9 Confin\u00e9s dans leur case en t\u00f4le des Hauts de La R\u00e9union, le jeune Cl\u00e9ment, sa m\u00e8re Anne et sa grande s\u0153ur \u00c9milie viennent d\u2019\u00e9chapper au passage d\u2019un cyclone. Alors que le temps semble s\u2019\u00eatre calm\u00e9, le propri\u00e9taire du terrain vient leur annoncer qu\u2019ils seront expuls\u00e9s apr\u00e8s [&hellip;]<\/p>\n","protected":false},"author":1,"featured_media":0,"parent":0,"menu_order":0,"comment_status":"closed","ping_status":"closed","template":"","meta":{"_et_pb_use_builder":"on","_et_pb_old_content":"<!-- wp:divi\/placeholder \/-->","_et_gb_content_width":"","_vp_format_video_url":"","_vp_image_focal_point":[],"footnotes":""},"class_list":["post-16","page","type-page","status-publish","hentry"],"yoast_head":"<!-- This site is optimized with the Yoast SEO plugin v23.3 - https:\/\/yoast.com\/wordpress\/plugins\/seo\/ -->\n<title>Projets - Lanb\u00e9li<\/title>\n<meta name=\"robots\" content=\"index, follow, max-snippet:-1, max-image-preview:large, max-video-preview:-1\" \/>\n<link rel=\"canonical\" href=\"https:\/\/lanbeli.fr\/en\/nos-projets\/\" \/>\n<meta property=\"og:locale\" content=\"en_GB\" \/>\n<meta property=\"og:type\" content=\"article\" \/>\n<meta property=\"og:title\" content=\"Projets - Lanb\u00e9li\" \/>\n<meta property=\"og:description\" content=\"Enkaz\u00e9Fiction, court m\u00e9trageDur\u00e9e pr\u00e9visionnelle20 minProductionLanb\u00e9liR\u00e9alisatriceMa\u00ebva THURELSc\u00e9narioMa\u00ebva THURELProductrice d\u00e9l\u00e9gu\u00e9eDieynaba SYR\u00e9sum\u00e9 Confin\u00e9s dans leur case en t\u00f4le des Hauts de La R\u00e9union, le jeune Cl\u00e9ment, sa m\u00e8re Anne et sa grande s\u0153ur \u00c9milie viennent d\u2019\u00e9chapper au passage d\u2019un cyclone. Alors que le temps semble s\u2019\u00eatre calm\u00e9, le propri\u00e9taire du terrain vient leur annoncer qu\u2019ils seront expuls\u00e9s apr\u00e8s [&hellip;]\" \/>\n<meta property=\"og:url\" content=\"https:\/\/lanbeli.fr\/en\/nos-projets\/\" \/>\n<meta property=\"og:site_name\" content=\"Lanb\u00e9li\" \/>\n<meta property=\"article:modified_time\" content=\"2025-12-23T10:57:54+00:00\" \/>\n<meta name=\"twitter:card\" content=\"summary_large_image\" \/>\n<meta name=\"twitter:label1\" content=\"Estimated reading time\" \/>\n\t<meta name=\"twitter:data1\" content=\"1 minute\" \/>\n<script type=\"application\/ld+json\" class=\"yoast-schema-graph\">{\"@context\":\"https:\/\/schema.org\",\"@graph\":[{\"@type\":\"WebPage\",\"@id\":\"https:\/\/lanbeli.fr\/nos-projets\/\",\"url\":\"https:\/\/lanbeli.fr\/nos-projets\/\",\"name\":\"Projets - Lanb\u00e9li\",\"isPartOf\":{\"@id\":\"https:\/\/lanbeli.fr\/#website\"},\"datePublished\":\"2023-10-16T13:21:55+00:00\",\"dateModified\":\"2025-12-23T10:57:54+00:00\",\"breadcrumb\":{\"@id\":\"https:\/\/lanbeli.fr\/nos-projets\/#breadcrumb\"},\"inLanguage\":\"en-GB\",\"potentialAction\":[{\"@type\":\"ReadAction\",\"target\":[\"https:\/\/lanbeli.fr\/nos-projets\/\"]}]},{\"@type\":\"BreadcrumbList\",\"@id\":\"https:\/\/lanbeli.fr\/nos-projets\/#breadcrumb\",\"itemListElement\":[{\"@type\":\"ListItem\",\"position\":1,\"name\":\"Accueil\",\"item\":\"https:\/\/lanbeli.fr\/\"},{\"@type\":\"ListItem\",\"position\":2,\"name\":\"Projets\"}]},{\"@type\":\"WebSite\",\"@id\":\"https:\/\/lanbeli.fr\/#website\",\"url\":\"https:\/\/lanbeli.fr\/\",\"name\":\"Lanb\u00e9li\",\"description\":\"\",\"publisher\":{\"@id\":\"https:\/\/lanbeli.fr\/#organization\"},\"potentialAction\":[{\"@type\":\"SearchAction\",\"target\":{\"@type\":\"EntryPoint\",\"urlTemplate\":\"https:\/\/lanbeli.fr\/?s={search_term_string}\"},\"query-input\":\"required name=search_term_string\"}],\"inLanguage\":\"en-GB\"},{\"@type\":\"Organization\",\"@id\":\"https:\/\/lanbeli.fr\/#organization\",\"name\":\"Lanb\u00e9li\",\"url\":\"https:\/\/lanbeli.fr\/\",\"logo\":{\"@type\":\"ImageObject\",\"inLanguage\":\"en-GB\",\"@id\":\"https:\/\/lanbeli.fr\/#\/schema\/logo\/image\/\",\"url\":\"https:\/\/lanbeli.fr\/wp-content\/uploads\/2023\/10\/Logo_Lanbeli_FondBlanc_baseline.png\",\"contentUrl\":\"https:\/\/lanbeli.fr\/wp-content\/uploads\/2023\/10\/Logo_Lanbeli_FondBlanc_baseline.png\",\"width\":1163,\"height\":618,\"caption\":\"Lanb\u00e9li\"},\"image\":{\"@id\":\"https:\/\/lanbeli.fr\/#\/schema\/logo\/image\/\"}}]}<\/script>\n<!-- \/ Yoast SEO plugin. -->","yoast_head_json":{"title":"Projets - Lanb\u00e9li","robots":{"index":"index","follow":"follow","max-snippet":"max-snippet:-1","max-image-preview":"max-image-preview:large","max-video-preview":"max-video-preview:-1"},"canonical":"https:\/\/lanbeli.fr\/en\/nos-projets\/","og_locale":"en_GB","og_type":"article","og_title":"Projets - Lanb\u00e9li","og_description":"Enkaz\u00e9Fiction, court m\u00e9trageDur\u00e9e pr\u00e9visionnelle20 minProductionLanb\u00e9liR\u00e9alisatriceMa\u00ebva THURELSc\u00e9narioMa\u00ebva THURELProductrice d\u00e9l\u00e9gu\u00e9eDieynaba SYR\u00e9sum\u00e9 Confin\u00e9s dans leur case en t\u00f4le des Hauts de La R\u00e9union, le jeune Cl\u00e9ment, sa m\u00e8re Anne et sa grande s\u0153ur \u00c9milie viennent d\u2019\u00e9chapper au passage d\u2019un cyclone. Alors que le temps semble s\u2019\u00eatre calm\u00e9, le propri\u00e9taire du terrain vient leur annoncer qu\u2019ils seront expuls\u00e9s apr\u00e8s [&hellip;]","og_url":"https:\/\/lanbeli.fr\/en\/nos-projets\/","og_site_name":"Lanb\u00e9li","article_modified_time":"2025-12-23T10:57:54+00:00","twitter_card":"summary_large_image","twitter_misc":{"Estimated reading time":"1 minute"},"schema":{"@context":"https:\/\/schema.org","@graph":[{"@type":"WebPage","@id":"https:\/\/lanbeli.fr\/nos-projets\/","url":"https:\/\/lanbeli.fr\/nos-projets\/","name":"Projets - Lanb\u00e9li","isPartOf":{"@id":"https:\/\/lanbeli.fr\/#website"},"datePublished":"2023-10-16T13:21:55+00:00","dateModified":"2025-12-23T10:57:54+00:00","breadcrumb":{"@id":"https:\/\/lanbeli.fr\/nos-projets\/#breadcrumb"},"inLanguage":"en-GB","potentialAction":[{"@type":"ReadAction","target":["https:\/\/lanbeli.fr\/nos-projets\/"]}]},{"@type":"BreadcrumbList","@id":"https:\/\/lanbeli.fr\/nos-projets\/#breadcrumb","itemListElement":[{"@type":"ListItem","position":1,"name":"Accueil","item":"https:\/\/lanbeli.fr\/"},{"@type":"ListItem","position":2,"name":"Projets"}]},{"@type":"WebSite","@id":"https:\/\/lanbeli.fr\/#website","url":"https:\/\/lanbeli.fr\/","name":"Lanb\u00e9li","description":"","publisher":{"@id":"https:\/\/lanbeli.fr\/#organization"},"potentialAction":[{"@type":"SearchAction","target":{"@type":"EntryPoint","urlTemplate":"https:\/\/lanbeli.fr\/?s={search_term_string}"},"query-input":"required name=search_term_string"}],"inLanguage":"en-GB"},{"@type":"Organization","@id":"https:\/\/lanbeli.fr\/#organization","name":"Lanb\u00e9li","url":"https:\/\/lanbeli.fr\/","logo":{"@type":"ImageObject","inLanguage":"en-GB","@id":"https:\/\/lanbeli.fr\/#\/schema\/logo\/image\/","url":"https:\/\/lanbeli.fr\/wp-content\/uploads\/2023\/10\/Logo_Lanbeli_FondBlanc_baseline.png","contentUrl":"https:\/\/lanbeli.fr\/wp-content\/uploads\/2023\/10\/Logo_Lanbeli_FondBlanc_baseline.png","width":1163,"height":618,"caption":"Lanb\u00e9li"},"image":{"@id":"https:\/\/lanbeli.fr\/#\/schema\/logo\/image\/"}}]}},"_links":{"self":[{"href":"https:\/\/lanbeli.fr\/en\/wp-json\/wp\/v2\/pages\/16","targetHints":{"allow":["GET"]}}],"collection":[{"href":"https:\/\/lanbeli.fr\/en\/wp-json\/wp\/v2\/pages"}],"about":[{"href":"https:\/\/lanbeli.fr\/en\/wp-json\/wp\/v2\/types\/page"}],"author":[{"embeddable":true,"href":"https:\/\/lanbeli.fr\/en\/wp-json\/wp\/v2\/users\/1"}],"replies":[{"embeddable":true,"href":"https:\/\/lanbeli.fr\/en\/wp-json\/wp\/v2\/comments?post=16"}],"version-history":[{"count":19,"href":"https:\/\/lanbeli.fr\/en\/wp-json\/wp\/v2\/pages\/16\/revisions"}],"predecessor-version":[{"id":728,"href":"https:\/\/lanbeli.fr\/en\/wp-json\/wp\/v2\/pages\/16\/revisions\/728"}],"wp:attachment":[{"href":"https:\/\/lanbeli.fr\/en\/wp-json\/wp\/v2\/media?parent=16"}],"curies":[{"name":"wp","href":"https:\/\/api.w.org\/{rel}","templated":true}]}}